

{"id":449,"date":"2011-03-27T09:39:07","date_gmt":"2011-03-27T14:39:07","guid":{"rendered":"http:\/\/rud.is\/b\/?page_id=449"},"modified":"2018-03-10T07:53:37","modified_gmt":"2018-03-10T12:53:37","slug":"privacy-policy","status":"publish","type":"page","link":"https:\/\/rud.is\/b\/privacy-policy\/","title":{"rendered":"Privacy Policy"},"content":{"rendered":"<p>A recent Twitter conversation between @beaker &amp; @alexhutton inspired including this policy created by @tynan_on_tech.<\/p>\n<p>&#8220;We value your privacy a great deal. Almost as much as we value the ability to take the data you give us and slice, dice, julienne, mash, puree and serve it to our business partners, which may include third-party advertising networks, data brokers, networks of affiliate sites, parent companies, subsidiaries, and other entities, none of which we\u2019ll bother to list here because they can change from week to week and, besides, we know you\u2019re not really paying attention.<\/p>\n<p>We\u2019ll also share all of this information with the government. We\u2019re just suckers for guys with crew cuts carrying subpoenas.<\/p>\n<p>Remember, when you visit our Web site, our Web site is also visiting you. And we\u2019ve brought a dozen or more friends with us, depending on how many ad networks and third-party data services we use. We\u2019re not going to tell which ones, though you could probably figure this out by carefully watching the different URLs that flash across the bottom of your browser as each page loads or when you mouse over various bits. It\u2019s not like you\u2019ve got better things to do.<\/p>\n<p>Each of these sites may leave behind a little gift known as a cookie &#8212; a text file filled with inscrutable gibberish that allows various computers around the globe to identify you, including your preferences, browser settings, which parts of the site you visited, which ads you clicked on, and whether you actually purchased something.<\/p>\n<p>Those same cookies may let our advertising and data broker partners track you across every other site you visit, then dump all of your information into a huge database attached to a unique ID number, which they may sell ad infinitum without ever notifying you or asking for permission.<\/p>\n<p>Also: We collect your IP address, which might change every time you log on but probably doesn\u2019t. At the very least, your IP address tells us the name of your ISP and the city where you live; with a legal court order, it can also give us your name and billing address (see guys with crew cuts and subpoenas, above).<\/p>\n<p>Besides your IP, we record some specifics about your operating system and browser. Amazingly, this information (known as your <a href=\"https:\/\/www.eff.org\/deeplinks\/2010\/01\/tracking-by-user-agent\" target=\"_blank\">user agent string<\/a>) can be enough to narrow you down to one of a few hundred people on the Webbernets, all by its lonesome. Isn\u2019t technology wonderful?<\/p>\n<p>The data we collect is strictly anonymous, unless you\u2019ve been kind enough to give us your name, email address, or other identifying information. And even if you have been that kind, we promise we won\u2019t sell that information to anyone else, unless of course our impossibly obtuse privacy policy says otherwise and\/or we change our minds tomorrow.&#160;<\/p>\n<p>We store this information an indefinite amount of time for reasons even we don\u2019t fully understand. And when we do eventually get around to deleting it, you can bet it\u2019s still kicking around on some network backup drives in somebody\u2019s closet. So once we have it, there\u2019s really no getting it back. Hell, we can\u2019t even find our keys half the time &#8212; how do you expect us to keep track of this stuff?<\/p>\n<p>Not to worry, though, because we use the very bestest security measures to protect your data against hackers and identity thieves, though no one has actually ever bothered to verify this. You\u2019ll pretty much <a href=\"https:\/\/www.itworld.com\/article\/2832487\/networking-hardware\/facebook-apps--slightly-more-private--still-too-spammy.html?page=2\" target=\"_blank\">just have to take our word for it<\/a>.<\/p>\n<p>So just to recap: Your information is extremely valuable to us. Our business model would totally collapse without it. No IPO, no stock options; all those 80-hour weeks and bupkis to show for it. So we\u2019ll do our very best to use it in as many potentially profitable ways as we can conjure, over and over, while attempting to convince you there\u2019s nothing to worry about.<\/p>\n<p>(Hey, Did somebody hold a gun to your head and force you to visit this site? No, they did not. Did you run into a pay wall on the home page demanding your Visa number? No, you did not. You think we just give all this stuff away because we\u2019re nice guys?&#160; Bet you also think every roomful of manure has a pony buried inside.)<\/p>\n<p>This privacy policy may change at any time. In fact, it\u2019s changed three times since we first started typing this. Good luck figuring out how, because we\u2019re sure as hell not going to tell you. But then, you probably stopped reading after paragraph three.&#8221;<\/p>\n","protected":false},"excerpt":{"rendered":"<p>A recent Twitter conversation between @beaker &amp; @alexhutton inspired including this policy created by @tynan_on_tech. &#8220;We value your privacy a great deal. Almost as much as we value the ability to take the data you give us and slice, dice, julienne, mash, puree and serve it to our business partners, which may include third-party advertising [&hellip;]<\/p>\n","protected":false},"author":1,"featured_media":0,"parent":0,"menu_order":0,"comment_status":"open","ping_status":"open","template":"","meta":{"jetpack_post_was_ever_published":false,"activitypub_content_warning":"","activitypub_content_visibility":"","activitypub_max_image_attachments":3,"activitypub_interaction_policy_quote":"anyone","activitypub_status":"","footnotes":""},"class_list":["post-449","page","type-page","status-publish","hentry"],"yoast_head":"<!-- This site is optimized with the Yoast SEO plugin v27.3 - https:\/\/yoast.com\/product\/yoast-seo-wordpress\/ -->\n<title>Privacy Policy - rud.is<\/title>\n<meta name=\"robots\" content=\"index, follow, max-snippet:-1, max-image-preview:large, max-video-preview:-1\" \/>\n<link rel=\"canonical\" href=\"https:\/\/rud.is\/b\/privacy-policy\/\" \/>\n<meta property=\"og:locale\" content=\"en_US\" \/>\n<meta property=\"og:type\" content=\"article\" \/>\n<meta property=\"og:title\" content=\"Privacy Policy - rud.is\" \/>\n<meta property=\"og:description\" content=\"A recent Twitter conversation between @beaker &amp; @alexhutton inspired including this policy created by @tynan_on_tech. &#8220;We value your privacy a great deal. Almost as much as we value the ability to take the data you give us and slice, dice, julienne, mash, puree and serve it to our business partners, which may include third-party advertising [&hellip;]\" \/>\n<meta property=\"og:url\" content=\"https:\/\/rud.is\/b\/privacy-policy\/\" \/>\n<meta property=\"og:site_name\" content=\"rud.is\" \/>\n<meta property=\"article:modified_time\" content=\"2018-03-10T12:53:37+00:00\" \/>\n<meta name=\"twitter:card\" content=\"summary_large_image\" \/>\n<meta name=\"twitter:label1\" content=\"Est. reading time\" \/>\n\t<meta name=\"twitter:data1\" content=\"4 minutes\" \/>\n<script type=\"application\/ld+json\" class=\"yoast-schema-graph\">{\"@context\":\"https:\\\/\\\/schema.org\",\"@graph\":[{\"@type\":\"WebPage\",\"@id\":\"https:\\\/\\\/rud.is\\\/b\\\/privacy-policy\\\/\",\"url\":\"https:\\\/\\\/rud.is\\\/b\\\/privacy-policy\\\/\",\"name\":\"Privacy Policy - rud.is\",\"isPartOf\":{\"@id\":\"https:\\\/\\\/rud.is\\\/b\\\/#website\"},\"datePublished\":\"2011-03-27T14:39:07+00:00\",\"dateModified\":\"2018-03-10T12:53:37+00:00\",\"breadcrumb\":{\"@id\":\"https:\\\/\\\/rud.is\\\/b\\\/privacy-policy\\\/#breadcrumb\"},\"inLanguage\":\"en-US\",\"potentialAction\":[{\"@type\":\"ReadAction\",\"target\":[\"https:\\\/\\\/rud.is\\\/b\\\/privacy-policy\\\/\"]}]},{\"@type\":\"BreadcrumbList\",\"@id\":\"https:\\\/\\\/rud.is\\\/b\\\/privacy-policy\\\/#breadcrumb\",\"itemListElement\":[{\"@type\":\"ListItem\",\"position\":1,\"name\":\"Home\",\"item\":\"https:\\\/\\\/rud.is\\\/b\\\/\"},{\"@type\":\"ListItem\",\"position\":2,\"name\":\"Privacy Policy\"}]},{\"@type\":\"WebSite\",\"@id\":\"https:\\\/\\\/rud.is\\\/b\\\/#website\",\"url\":\"https:\\\/\\\/rud.is\\\/b\\\/\",\"name\":\"rud.is\",\"description\":\"&quot;In God we trust. All others must bring data&quot;\",\"publisher\":{\"@id\":\"https:\\\/\\\/rud.is\\\/b\\\/#\\\/schema\\\/person\\\/d7cb7487ab0527447f7fda5c423ff886\"},\"potentialAction\":[{\"@type\":\"SearchAction\",\"target\":{\"@type\":\"EntryPoint\",\"urlTemplate\":\"https:\\\/\\\/rud.is\\\/b\\\/?s={search_term_string}\"},\"query-input\":{\"@type\":\"PropertyValueSpecification\",\"valueRequired\":true,\"valueName\":\"search_term_string\"}}],\"inLanguage\":\"en-US\"},{\"@type\":[\"Person\",\"Organization\"],\"@id\":\"https:\\\/\\\/rud.is\\\/b\\\/#\\\/schema\\\/person\\\/d7cb7487ab0527447f7fda5c423ff886\",\"name\":\"hrbrmstr\",\"image\":{\"@type\":\"ImageObject\",\"inLanguage\":\"en-US\",\"@id\":\"https:\\\/\\\/i0.wp.com\\\/rud.is\\\/b\\\/wp-content\\\/uploads\\\/2023\\\/10\\\/ukr-shield.png?fit=460%2C460&ssl=1\",\"url\":\"https:\\\/\\\/i0.wp.com\\\/rud.is\\\/b\\\/wp-content\\\/uploads\\\/2023\\\/10\\\/ukr-shield.png?fit=460%2C460&ssl=1\",\"contentUrl\":\"https:\\\/\\\/i0.wp.com\\\/rud.is\\\/b\\\/wp-content\\\/uploads\\\/2023\\\/10\\\/ukr-shield.png?fit=460%2C460&ssl=1\",\"width\":460,\"height\":460,\"caption\":\"hrbrmstr\"},\"logo\":{\"@id\":\"https:\\\/\\\/i0.wp.com\\\/rud.is\\\/b\\\/wp-content\\\/uploads\\\/2023\\\/10\\\/ukr-shield.png?fit=460%2C460&ssl=1\"},\"description\":\"Don't look at me\u2026I do what he does \u2014 just slower. #rstats avuncular \u2022 ?Resistance Fighter \u2022 Cook \u2022 Christian \u2022 [Master] Chef des Donn\u00e9es de S\u00e9curit\u00e9 @ @rapid7\",\"sameAs\":[\"http:\\\/\\\/rud.is\"]}]}<\/script>\n<!-- \/ Yoast SEO plugin. -->","yoast_head_json":{"title":"Privacy Policy - rud.is","robots":{"index":"index","follow":"follow","max-snippet":"max-snippet:-1","max-image-preview":"max-image-preview:large","max-video-preview":"max-video-preview:-1"},"canonical":"https:\/\/rud.is\/b\/privacy-policy\/","og_locale":"en_US","og_type":"article","og_title":"Privacy Policy - rud.is","og_description":"A recent Twitter conversation between @beaker &amp; @alexhutton inspired including this policy created by @tynan_on_tech. &#8220;We value your privacy a great deal. Almost as much as we value the ability to take the data you give us and slice, dice, julienne, mash, puree and serve it to our business partners, which may include third-party advertising [&hellip;]","og_url":"https:\/\/rud.is\/b\/privacy-policy\/","og_site_name":"rud.is","article_modified_time":"2018-03-10T12:53:37+00:00","twitter_card":"summary_large_image","twitter_misc":{"Est. reading time":"4 minutes"},"schema":{"@context":"https:\/\/schema.org","@graph":[{"@type":"WebPage","@id":"https:\/\/rud.is\/b\/privacy-policy\/","url":"https:\/\/rud.is\/b\/privacy-policy\/","name":"Privacy Policy - rud.is","isPartOf":{"@id":"https:\/\/rud.is\/b\/#website"},"datePublished":"2011-03-27T14:39:07+00:00","dateModified":"2018-03-10T12:53:37+00:00","breadcrumb":{"@id":"https:\/\/rud.is\/b\/privacy-policy\/#breadcrumb"},"inLanguage":"en-US","potentialAction":[{"@type":"ReadAction","target":["https:\/\/rud.is\/b\/privacy-policy\/"]}]},{"@type":"BreadcrumbList","@id":"https:\/\/rud.is\/b\/privacy-policy\/#breadcrumb","itemListElement":[{"@type":"ListItem","position":1,"name":"Home","item":"https:\/\/rud.is\/b\/"},{"@type":"ListItem","position":2,"name":"Privacy Policy"}]},{"@type":"WebSite","@id":"https:\/\/rud.is\/b\/#website","url":"https:\/\/rud.is\/b\/","name":"rud.is","description":"&quot;In God we trust. All others must bring data&quot;","publisher":{"@id":"https:\/\/rud.is\/b\/#\/schema\/person\/d7cb7487ab0527447f7fda5c423ff886"},"potentialAction":[{"@type":"SearchAction","target":{"@type":"EntryPoint","urlTemplate":"https:\/\/rud.is\/b\/?s={search_term_string}"},"query-input":{"@type":"PropertyValueSpecification","valueRequired":true,"valueName":"search_term_string"}}],"inLanguage":"en-US"},{"@type":["Person","Organization"],"@id":"https:\/\/rud.is\/b\/#\/schema\/person\/d7cb7487ab0527447f7fda5c423ff886","name":"hrbrmstr","image":{"@type":"ImageObject","inLanguage":"en-US","@id":"https:\/\/i0.wp.com\/rud.is\/b\/wp-content\/uploads\/2023\/10\/ukr-shield.png?fit=460%2C460&ssl=1","url":"https:\/\/i0.wp.com\/rud.is\/b\/wp-content\/uploads\/2023\/10\/ukr-shield.png?fit=460%2C460&ssl=1","contentUrl":"https:\/\/i0.wp.com\/rud.is\/b\/wp-content\/uploads\/2023\/10\/ukr-shield.png?fit=460%2C460&ssl=1","width":460,"height":460,"caption":"hrbrmstr"},"logo":{"@id":"https:\/\/i0.wp.com\/rud.is\/b\/wp-content\/uploads\/2023\/10\/ukr-shield.png?fit=460%2C460&ssl=1"},"description":"Don't look at me\u2026I do what he does \u2014 just slower. #rstats avuncular \u2022 ?Resistance Fighter \u2022 Cook \u2022 Christian \u2022 [Master] Chef des Donn\u00e9es de S\u00e9curit\u00e9 @ @rapid7","sameAs":["http:\/\/rud.is"]}]}},"jetpack_shortlink":"https:\/\/wp.me\/P23idr-7f","jetpack_likes_enabled":true,"jetpack-related-posts":[{"id":11883,"url":"https:\/\/rud.is\/b\/r-cyber\/","url_meta":{"origin":449,"position":0},"title":"r-cyber","author":"hrbrmstr","date":"2019-02-04","format":false,"excerpt":"A soon-to-be organized list of R packages for use in cybersecurity research, DFIR, risk analysis, metadata collection, document\/data processing and more (not just by me, but the current list is made up of ones I've created or resurrected). If you want your packages to appear here, add the r-cyber topic\u2026","rel":"","context":"Similar post","block_context":{"text":"Similar post","link":""},"img":{"alt_text":"","src":"","width":0,"height":0},"classes":[]},{"id":3535,"url":"https:\/\/rud.is\/b\/cookie-policy\/","url_meta":{"origin":449,"position":1},"title":"Cookie Policy","author":"hrbrmstr","date":"2015-07-21","format":false,"excerpt":"Well, I prefer dark chocolate chip cookies (hard-baked) and am also quite fond of snickerdoodles and will confess to an occasional hankering for a ginger-snap or molasses cookie, especially in Autumn. Oreos are still the preferred pre-packaged cookie-of-choice (regular \"stuff\", as \"double stuff\" & \"flavored stuff\" is for posers) with\u2026","rel":"","context":"Similar post","block_context":{"text":"Similar post","link":""},"img":{"alt_text":"","src":"","width":0,"height":0},"classes":[]},{"id":2,"url":"https:\/\/rud.is\/b\/about\/","url_meta":{"origin":449,"position":2},"title":"About Me","author":"hrbrmstr","date":"2011-02-02","format":false,"excerpt":"This is a place to catch some opines on a pretty weird combination of topics. You're likely to see posts ranging from IT\/Information Risk Management to iOS to Node.js to Arduino & XBee + everything in-between. Oh, and quite a bit of R, Python & \"data science-y\" things. I've been\u2026","rel":"","context":"With 11 comments","block_context":{"text":"With 11 comments","link":"https:\/\/rud.is\/b\/about\/#comments"},"img":{"alt_text":"","src":"","width":0,"height":0},"classes":[]},{"id":7746,"url":"https:\/\/rud.is\/b\/books\/","url_meta":{"origin":449,"position":3},"title":"Books","author":"hrbrmstr","date":"2018-01-03","format":false,"excerpt":"Packet Maze: Solving a CyberDefenders PCAP Puzzle with R, Zeek, and tshark (in progress) SwiftR \u2014 Using R from Swift [GH] (in progress) Using Apache Drill with R [GH] 21 Recipes for Mining Twitter Data with rtweet [GH] 30 Day Map Challenge Collection Writing Frictionless R Package Wrappers Data-Driven Security","rel":"","context":"Similar post","block_context":{"text":"Similar post","link":""},"img":{"alt_text":"","src":"","width":0,"height":0},"classes":[]},{"id":14414,"url":"https:\/\/rud.is\/b\/friends\/","url_meta":{"origin":449,"position":4},"title":"Friends","author":"hrbrmstr","date":"2023-09-14","format":false,"excerpt":"Hi Friend!Do you know any of my friends? Maybe you want to become friends with them as well? I have connected with my friends using WordPress and the Friends plugin. This means I can share private posts with just my friends while keeping my data under control. If you also\u2026","rel":"","context":"Similar post","block_context":{"text":"Similar post","link":""},"img":{"alt_text":"","src":"","width":0,"height":0},"classes":[]},{"id":13518,"url":"https:\/\/rud.is\/b\/macos-safety-tips-in-light-of-the-chromeloader-campaign\/","url_meta":{"origin":449,"position":5},"title":"macOS Safety Tips In Light Of The ChromeLoader Campaign","author":"hrbrmstr","date":"2022-08-05","format":false,"excerpt":"Almost every outlet had some version of these four bullets (via Malwarebytes) when it comes to advice regarding how to prevent similar, future attacks: Searching for cracked games and software is a very risky business. Many sites promoting malware masquerading as \u201cgenuine\u201d crack portals are hard to spot. If you\u2019re\u2026","rel":"","context":"Similar post","block_context":{"text":"Similar post","link":""},"img":{"alt_text":"","src":"","width":0,"height":0},"classes":[]}],"jetpack_sharing_enabled":true,"_links":{"self":[{"href":"https:\/\/rud.is\/b\/wp-json\/wp\/v2\/pages\/449","targetHints":{"allow":["GET"]}}],"collection":[{"href":"https:\/\/rud.is\/b\/wp-json\/wp\/v2\/pages"}],"about":[{"href":"https:\/\/rud.is\/b\/wp-json\/wp\/v2\/types\/page"}],"author":[{"embeddable":true,"href":"https:\/\/rud.is\/b\/wp-json\/wp\/v2\/users\/1"}],"replies":[{"embeddable":true,"href":"https:\/\/rud.is\/b\/wp-json\/wp\/v2\/comments?post=449"}],"version-history":[{"count":0,"href":"https:\/\/rud.is\/b\/wp-json\/wp\/v2\/pages\/449\/revisions"}],"wp:attachment":[{"href":"https:\/\/rud.is\/b\/wp-json\/wp\/v2\/media?parent=449"}],"curies":[{"name":"wp","href":"https:\/\/api.w.org\/{rel}","templated":true}]}}