

{"id":3535,"date":"2015-07-21T15:43:04","date_gmt":"2015-07-21T20:43:04","guid":{"rendered":"http:\/\/rud.is\/b\/?page_id=3535"},"modified":"2018-03-08T08:18:05","modified_gmt":"2018-03-08T13:18:05","slug":"cookie-policy","status":"publish","type":"page","link":"https:\/\/rud.is\/b\/cookie-policy\/","title":{"rendered":"Cookie Policy"},"content":{"rendered":"<p>Well, I prefer dark chocolate chip cookies (hard-baked) and am also quite fond of snickerdoodles and will confess to an occasional hankering for a ginger-snap or molasses cookie, especially in Autumn.<\/p>\n<p>Oreos are still the preferred pre-packaged cookie-of-choice (regular &#8220;stuff&#8221;, as &#8220;double stuff&#8221; &amp; &#8220;flavored stuff&#8221; is for posers) with vanilla wafers (arguably <em>not<\/em> a cookie) a close second.<\/p>\n","protected":false},"excerpt":{"rendered":"<p>Well, I prefer dark chocolate chip cookies (hard-baked) and am also quite fond of snickerdoodles and will confess to an occasional hankering for a ginger-snap or molasses cookie, especially in Autumn. Oreos are still the preferred pre-packaged cookie-of-choice (regular &#8220;stuff&#8221;, as &#8220;double stuff&#8221; &amp; &#8220;flavored stuff&#8221; is for posers) with vanilla wafers (arguably not a [&hellip;]<\/p>\n","protected":false},"author":1,"featured_media":0,"parent":0,"menu_order":0,"comment_status":"open","ping_status":"open","template":"","meta":{"jetpack_post_was_ever_published":false,"activitypub_content_warning":"","activitypub_content_visibility":"","activitypub_max_image_attachments":3,"activitypub_interaction_policy_quote":"anyone","activitypub_status":"","footnotes":""},"class_list":["post-3535","page","type-page","status-publish","hentry"],"yoast_head":"<!-- This site is optimized with the Yoast SEO plugin v27.3 - https:\/\/yoast.com\/product\/yoast-seo-wordpress\/ -->\n<title>Cookie Policy - rud.is<\/title>\n<meta name=\"robots\" content=\"index, follow, max-snippet:-1, max-image-preview:large, max-video-preview:-1\" \/>\n<link rel=\"canonical\" href=\"https:\/\/rud.is\/b\/cookie-policy\/\" \/>\n<meta property=\"og:locale\" content=\"en_US\" \/>\n<meta property=\"og:type\" content=\"article\" \/>\n<meta property=\"og:title\" content=\"Cookie Policy - rud.is\" \/>\n<meta property=\"og:description\" content=\"Well, I prefer dark chocolate chip cookies (hard-baked) and am also quite fond of snickerdoodles and will confess to an occasional hankering for a ginger-snap or molasses cookie, especially in Autumn. Oreos are still the preferred pre-packaged cookie-of-choice (regular &#8220;stuff&#8221;, as &#8220;double stuff&#8221; &amp; &#8220;flavored stuff&#8221; is for posers) with vanilla wafers (arguably not a [&hellip;]\" \/>\n<meta property=\"og:url\" content=\"https:\/\/rud.is\/b\/cookie-policy\/\" \/>\n<meta property=\"og:site_name\" content=\"rud.is\" \/>\n<meta property=\"article:modified_time\" content=\"2018-03-08T13:18:05+00:00\" \/>\n<meta name=\"twitter:card\" content=\"summary_large_image\" \/>\n<script type=\"application\/ld+json\" class=\"yoast-schema-graph\">{\"@context\":\"https:\\\/\\\/schema.org\",\"@graph\":[{\"@type\":\"WebPage\",\"@id\":\"https:\\\/\\\/rud.is\\\/b\\\/cookie-policy\\\/\",\"url\":\"https:\\\/\\\/rud.is\\\/b\\\/cookie-policy\\\/\",\"name\":\"Cookie Policy - rud.is\",\"isPartOf\":{\"@id\":\"https:\\\/\\\/rud.is\\\/b\\\/#website\"},\"datePublished\":\"2015-07-21T20:43:04+00:00\",\"dateModified\":\"2018-03-08T13:18:05+00:00\",\"breadcrumb\":{\"@id\":\"https:\\\/\\\/rud.is\\\/b\\\/cookie-policy\\\/#breadcrumb\"},\"inLanguage\":\"en-US\",\"potentialAction\":[{\"@type\":\"ReadAction\",\"target\":[\"https:\\\/\\\/rud.is\\\/b\\\/cookie-policy\\\/\"]}]},{\"@type\":\"BreadcrumbList\",\"@id\":\"https:\\\/\\\/rud.is\\\/b\\\/cookie-policy\\\/#breadcrumb\",\"itemListElement\":[{\"@type\":\"ListItem\",\"position\":1,\"name\":\"Home\",\"item\":\"https:\\\/\\\/rud.is\\\/b\\\/\"},{\"@type\":\"ListItem\",\"position\":2,\"name\":\"Cookie Policy\"}]},{\"@type\":\"WebSite\",\"@id\":\"https:\\\/\\\/rud.is\\\/b\\\/#website\",\"url\":\"https:\\\/\\\/rud.is\\\/b\\\/\",\"name\":\"rud.is\",\"description\":\"&quot;In God we trust. All others must bring data&quot;\",\"publisher\":{\"@id\":\"https:\\\/\\\/rud.is\\\/b\\\/#\\\/schema\\\/person\\\/d7cb7487ab0527447f7fda5c423ff886\"},\"potentialAction\":[{\"@type\":\"SearchAction\",\"target\":{\"@type\":\"EntryPoint\",\"urlTemplate\":\"https:\\\/\\\/rud.is\\\/b\\\/?s={search_term_string}\"},\"query-input\":{\"@type\":\"PropertyValueSpecification\",\"valueRequired\":true,\"valueName\":\"search_term_string\"}}],\"inLanguage\":\"en-US\"},{\"@type\":[\"Person\",\"Organization\"],\"@id\":\"https:\\\/\\\/rud.is\\\/b\\\/#\\\/schema\\\/person\\\/d7cb7487ab0527447f7fda5c423ff886\",\"name\":\"hrbrmstr\",\"image\":{\"@type\":\"ImageObject\",\"inLanguage\":\"en-US\",\"@id\":\"https:\\\/\\\/i0.wp.com\\\/rud.is\\\/b\\\/wp-content\\\/uploads\\\/2023\\\/10\\\/ukr-shield.png?fit=460%2C460&ssl=1\",\"url\":\"https:\\\/\\\/i0.wp.com\\\/rud.is\\\/b\\\/wp-content\\\/uploads\\\/2023\\\/10\\\/ukr-shield.png?fit=460%2C460&ssl=1\",\"contentUrl\":\"https:\\\/\\\/i0.wp.com\\\/rud.is\\\/b\\\/wp-content\\\/uploads\\\/2023\\\/10\\\/ukr-shield.png?fit=460%2C460&ssl=1\",\"width\":460,\"height\":460,\"caption\":\"hrbrmstr\"},\"logo\":{\"@id\":\"https:\\\/\\\/i0.wp.com\\\/rud.is\\\/b\\\/wp-content\\\/uploads\\\/2023\\\/10\\\/ukr-shield.png?fit=460%2C460&ssl=1\"},\"description\":\"Don't look at me\u2026I do what he does \u2014 just slower. #rstats avuncular \u2022 ?Resistance Fighter \u2022 Cook \u2022 Christian \u2022 [Master] Chef des Donn\u00e9es de S\u00e9curit\u00e9 @ @rapid7\",\"sameAs\":[\"http:\\\/\\\/rud.is\"]}]}<\/script>\n<!-- \/ Yoast SEO plugin. -->","yoast_head_json":{"title":"Cookie Policy - rud.is","robots":{"index":"index","follow":"follow","max-snippet":"max-snippet:-1","max-image-preview":"max-image-preview:large","max-video-preview":"max-video-preview:-1"},"canonical":"https:\/\/rud.is\/b\/cookie-policy\/","og_locale":"en_US","og_type":"article","og_title":"Cookie Policy - rud.is","og_description":"Well, I prefer dark chocolate chip cookies (hard-baked) and am also quite fond of snickerdoodles and will confess to an occasional hankering for a ginger-snap or molasses cookie, especially in Autumn. Oreos are still the preferred pre-packaged cookie-of-choice (regular &#8220;stuff&#8221;, as &#8220;double stuff&#8221; &amp; &#8220;flavored stuff&#8221; is for posers) with vanilla wafers (arguably not a [&hellip;]","og_url":"https:\/\/rud.is\/b\/cookie-policy\/","og_site_name":"rud.is","article_modified_time":"2018-03-08T13:18:05+00:00","twitter_card":"summary_large_image","schema":{"@context":"https:\/\/schema.org","@graph":[{"@type":"WebPage","@id":"https:\/\/rud.is\/b\/cookie-policy\/","url":"https:\/\/rud.is\/b\/cookie-policy\/","name":"Cookie Policy - rud.is","isPartOf":{"@id":"https:\/\/rud.is\/b\/#website"},"datePublished":"2015-07-21T20:43:04+00:00","dateModified":"2018-03-08T13:18:05+00:00","breadcrumb":{"@id":"https:\/\/rud.is\/b\/cookie-policy\/#breadcrumb"},"inLanguage":"en-US","potentialAction":[{"@type":"ReadAction","target":["https:\/\/rud.is\/b\/cookie-policy\/"]}]},{"@type":"BreadcrumbList","@id":"https:\/\/rud.is\/b\/cookie-policy\/#breadcrumb","itemListElement":[{"@type":"ListItem","position":1,"name":"Home","item":"https:\/\/rud.is\/b\/"},{"@type":"ListItem","position":2,"name":"Cookie Policy"}]},{"@type":"WebSite","@id":"https:\/\/rud.is\/b\/#website","url":"https:\/\/rud.is\/b\/","name":"rud.is","description":"&quot;In God we trust. All others must bring data&quot;","publisher":{"@id":"https:\/\/rud.is\/b\/#\/schema\/person\/d7cb7487ab0527447f7fda5c423ff886"},"potentialAction":[{"@type":"SearchAction","target":{"@type":"EntryPoint","urlTemplate":"https:\/\/rud.is\/b\/?s={search_term_string}"},"query-input":{"@type":"PropertyValueSpecification","valueRequired":true,"valueName":"search_term_string"}}],"inLanguage":"en-US"},{"@type":["Person","Organization"],"@id":"https:\/\/rud.is\/b\/#\/schema\/person\/d7cb7487ab0527447f7fda5c423ff886","name":"hrbrmstr","image":{"@type":"ImageObject","inLanguage":"en-US","@id":"https:\/\/i0.wp.com\/rud.is\/b\/wp-content\/uploads\/2023\/10\/ukr-shield.png?fit=460%2C460&ssl=1","url":"https:\/\/i0.wp.com\/rud.is\/b\/wp-content\/uploads\/2023\/10\/ukr-shield.png?fit=460%2C460&ssl=1","contentUrl":"https:\/\/i0.wp.com\/rud.is\/b\/wp-content\/uploads\/2023\/10\/ukr-shield.png?fit=460%2C460&ssl=1","width":460,"height":460,"caption":"hrbrmstr"},"logo":{"@id":"https:\/\/i0.wp.com\/rud.is\/b\/wp-content\/uploads\/2023\/10\/ukr-shield.png?fit=460%2C460&ssl=1"},"description":"Don't look at me\u2026I do what he does \u2014 just slower. #rstats avuncular \u2022 ?Resistance Fighter \u2022 Cook \u2022 Christian \u2022 [Master] Chef des Donn\u00e9es de S\u00e9curit\u00e9 @ @rapid7","sameAs":["http:\/\/rud.is"]}]}},"jetpack_shortlink":"https:\/\/wp.me\/P23idr-V1","jetpack_likes_enabled":true,"jetpack-related-posts":[{"id":449,"url":"https:\/\/rud.is\/b\/privacy-policy\/","url_meta":{"origin":3535,"position":0},"title":"Privacy Policy","author":"hrbrmstr","date":"2011-03-27","format":false,"excerpt":"A recent Twitter conversation between @beaker & @alexhutton inspired including this policy created by @tynan_on_tech. \"We value your privacy a great deal. Almost as much as we value the ability to take the data you give us and slice, dice, julienne, mash, puree and serve it to our business partners,\u2026","rel":"","context":"Similar post","block_context":{"text":"Similar post","link":""},"img":{"alt_text":"","src":"","width":0,"height":0},"classes":[]}],"jetpack_sharing_enabled":true,"_links":{"self":[{"href":"https:\/\/rud.is\/b\/wp-json\/wp\/v2\/pages\/3535","targetHints":{"allow":["GET"]}}],"collection":[{"href":"https:\/\/rud.is\/b\/wp-json\/wp\/v2\/pages"}],"about":[{"href":"https:\/\/rud.is\/b\/wp-json\/wp\/v2\/types\/page"}],"author":[{"embeddable":true,"href":"https:\/\/rud.is\/b\/wp-json\/wp\/v2\/users\/1"}],"replies":[{"embeddable":true,"href":"https:\/\/rud.is\/b\/wp-json\/wp\/v2\/comments?post=3535"}],"version-history":[{"count":0,"href":"https:\/\/rud.is\/b\/wp-json\/wp\/v2\/pages\/3535\/revisions"}],"wp:attachment":[{"href":"https:\/\/rud.is\/b\/wp-json\/wp\/v2\/media?parent=3535"}],"curies":[{"name":"wp","href":"https:\/\/api.w.org\/{rel}","templated":true}]}}