

{"id":1504,"date":"2012-07-12T12:38:22","date_gmt":"2012-07-12T17:38:22","guid":{"rendered":"http:\/\/rud.is\/b\/?page_id=1504"},"modified":"2018-03-08T08:18:08","modified_gmt":"2018-03-08T13:18:08","slug":"playground","status":"publish","type":"page","link":"https:\/\/rud.is\/b\/playground\/","title":{"rendered":"Playground"},"content":{"rendered":"<p>Placeholder page for sub-pages that focus on projects I&#8217;d rather have under the blog&#8217;s content management control vs random external links.<\/p>\n<p><b>D3<\/b><\/p>\n<ul>\n<li>Live <a href=\"https:\/\/rud.is\/outage\/\">Map of Power Outages in Maine<\/a> using D3<\/li>\n<li><a href=\"\/d3\/\">D3 + jQuery Blank Canvas<\/a> (good for playing\/prototyping from a browser javascript console)<\/li>\n<li><a href=\"\/d3\/asn\/asn.html\">Mal-node\/ASN D3 Directed Graph example<\/a><\/li>\n<li><a href=\"\/d3\/vzwords\/\">Alternate D3 word bubble visualization for the [VZB INTSUM](http:\/\/securityblog.verizonbusiness.com\/2013\/03\/06\/2012-intsum-word-cloud\/) Ruby-based one<\/a>\n<li><a href=\"\/d3\/vzwordshm\/\">D3 heatmap example of the VZ RISK INTSUM Corpus<\/a><\/li>\n<li><a href=\"\/ocd3\/\">Visualization of Obamacare-related job cuts<\/a><\/li>\n<\/ul>\n<p><b>General html5\/javascript<\/b><\/p>\n<ul>\n<li>Live <a href=\"http:\/\/datadrivensecurity.info\/book\/p\/salesrank.html\">Amazon Sales Rank Tracker<\/a> using dygraphs (javascript library)<\/li>\n<\/ul>\n<p><b>R\/Shiny<\/b><\/p>\n<ul>\n<li>Live <a href=\"http:\/\/162.243.111.4:3838\/outages\/\">Map Of Power Outages In Maine<\/a> using Shiny<\/li>\n<\/ul>\n","protected":false},"excerpt":{"rendered":"<p>Placeholder page for sub-pages that focus on projects I&#8217;d rather have under the blog&#8217;s content management control vs random external links. D3 Live Map of Power Outages in Maine using D3 D3 + jQuery Blank Canvas (good for playing\/prototyping from a browser javascript console) Mal-node\/ASN D3 Directed Graph example Alternate D3 word bubble visualization for [&hellip;]<\/p>\n","protected":false},"author":1,"featured_media":0,"parent":0,"menu_order":0,"comment_status":"open","ping_status":"open","template":"","meta":{"jetpack_post_was_ever_published":false,"activitypub_content_warning":"","activitypub_content_visibility":"","activitypub_max_image_attachments":3,"activitypub_interaction_policy_quote":"anyone","activitypub_status":"","footnotes":""},"class_list":["post-1504","page","type-page","status-publish","hentry"],"yoast_head":"<!-- This site is optimized with the Yoast SEO plugin v27.3 - https:\/\/yoast.com\/product\/yoast-seo-wordpress\/ -->\n<title>Playground - rud.is<\/title>\n<meta name=\"robots\" content=\"index, follow, max-snippet:-1, max-image-preview:large, max-video-preview:-1\" \/>\n<link rel=\"canonical\" href=\"https:\/\/rud.is\/b\/playground\/\" \/>\n<meta property=\"og:locale\" content=\"en_US\" \/>\n<meta property=\"og:type\" content=\"article\" \/>\n<meta property=\"og:title\" content=\"Playground - rud.is\" \/>\n<meta property=\"og:description\" content=\"Placeholder page for sub-pages that focus on projects I&#8217;d rather have under the blog&#8217;s content management control vs random external links. D3 Live Map of Power Outages in Maine using D3 D3 + jQuery Blank Canvas (good for playing\/prototyping from a browser javascript console) Mal-node\/ASN D3 Directed Graph example Alternate D3 word bubble visualization for [&hellip;]\" \/>\n<meta property=\"og:url\" content=\"https:\/\/rud.is\/b\/playground\/\" \/>\n<meta property=\"og:site_name\" content=\"rud.is\" \/>\n<meta property=\"article:modified_time\" content=\"2018-03-08T13:18:08+00:00\" \/>\n<meta name=\"twitter:card\" content=\"summary_large_image\" \/>\n<meta name=\"twitter:label1\" content=\"Est. reading time\" \/>\n\t<meta name=\"twitter:data1\" content=\"1 minute\" \/>\n<script type=\"application\/ld+json\" class=\"yoast-schema-graph\">{\"@context\":\"https:\\\/\\\/schema.org\",\"@graph\":[{\"@type\":\"WebPage\",\"@id\":\"https:\\\/\\\/rud.is\\\/b\\\/playground\\\/\",\"url\":\"https:\\\/\\\/rud.is\\\/b\\\/playground\\\/\",\"name\":\"Playground - rud.is\",\"isPartOf\":{\"@id\":\"https:\\\/\\\/rud.is\\\/b\\\/#website\"},\"datePublished\":\"2012-07-12T17:38:22+00:00\",\"dateModified\":\"2018-03-08T13:18:08+00:00\",\"breadcrumb\":{\"@id\":\"https:\\\/\\\/rud.is\\\/b\\\/playground\\\/#breadcrumb\"},\"inLanguage\":\"en-US\",\"potentialAction\":[{\"@type\":\"ReadAction\",\"target\":[\"https:\\\/\\\/rud.is\\\/b\\\/playground\\\/\"]}]},{\"@type\":\"BreadcrumbList\",\"@id\":\"https:\\\/\\\/rud.is\\\/b\\\/playground\\\/#breadcrumb\",\"itemListElement\":[{\"@type\":\"ListItem\",\"position\":1,\"name\":\"Home\",\"item\":\"https:\\\/\\\/rud.is\\\/b\\\/\"},{\"@type\":\"ListItem\",\"position\":2,\"name\":\"Playground\"}]},{\"@type\":\"WebSite\",\"@id\":\"https:\\\/\\\/rud.is\\\/b\\\/#website\",\"url\":\"https:\\\/\\\/rud.is\\\/b\\\/\",\"name\":\"rud.is\",\"description\":\"&quot;In God we trust. All others must bring data&quot;\",\"publisher\":{\"@id\":\"https:\\\/\\\/rud.is\\\/b\\\/#\\\/schema\\\/person\\\/d7cb7487ab0527447f7fda5c423ff886\"},\"potentialAction\":[{\"@type\":\"SearchAction\",\"target\":{\"@type\":\"EntryPoint\",\"urlTemplate\":\"https:\\\/\\\/rud.is\\\/b\\\/?s={search_term_string}\"},\"query-input\":{\"@type\":\"PropertyValueSpecification\",\"valueRequired\":true,\"valueName\":\"search_term_string\"}}],\"inLanguage\":\"en-US\"},{\"@type\":[\"Person\",\"Organization\"],\"@id\":\"https:\\\/\\\/rud.is\\\/b\\\/#\\\/schema\\\/person\\\/d7cb7487ab0527447f7fda5c423ff886\",\"name\":\"hrbrmstr\",\"image\":{\"@type\":\"ImageObject\",\"inLanguage\":\"en-US\",\"@id\":\"https:\\\/\\\/i0.wp.com\\\/rud.is\\\/b\\\/wp-content\\\/uploads\\\/2023\\\/10\\\/ukr-shield.png?fit=460%2C460&ssl=1\",\"url\":\"https:\\\/\\\/i0.wp.com\\\/rud.is\\\/b\\\/wp-content\\\/uploads\\\/2023\\\/10\\\/ukr-shield.png?fit=460%2C460&ssl=1\",\"contentUrl\":\"https:\\\/\\\/i0.wp.com\\\/rud.is\\\/b\\\/wp-content\\\/uploads\\\/2023\\\/10\\\/ukr-shield.png?fit=460%2C460&ssl=1\",\"width\":460,\"height\":460,\"caption\":\"hrbrmstr\"},\"logo\":{\"@id\":\"https:\\\/\\\/i0.wp.com\\\/rud.is\\\/b\\\/wp-content\\\/uploads\\\/2023\\\/10\\\/ukr-shield.png?fit=460%2C460&ssl=1\"},\"description\":\"Don't look at me\u2026I do what he does \u2014 just slower. #rstats avuncular \u2022 ?Resistance Fighter \u2022 Cook \u2022 Christian \u2022 [Master] Chef des Donn\u00e9es de S\u00e9curit\u00e9 @ @rapid7\",\"sameAs\":[\"http:\\\/\\\/rud.is\"]}]}<\/script>\n<!-- \/ Yoast SEO plugin. -->","yoast_head_json":{"title":"Playground - rud.is","robots":{"index":"index","follow":"follow","max-snippet":"max-snippet:-1","max-image-preview":"max-image-preview:large","max-video-preview":"max-video-preview:-1"},"canonical":"https:\/\/rud.is\/b\/playground\/","og_locale":"en_US","og_type":"article","og_title":"Playground - rud.is","og_description":"Placeholder page for sub-pages that focus on projects I&#8217;d rather have under the blog&#8217;s content management control vs random external links. D3 Live Map of Power Outages in Maine using D3 D3 + jQuery Blank Canvas (good for playing\/prototyping from a browser javascript console) Mal-node\/ASN D3 Directed Graph example Alternate D3 word bubble visualization for [&hellip;]","og_url":"https:\/\/rud.is\/b\/playground\/","og_site_name":"rud.is","article_modified_time":"2018-03-08T13:18:08+00:00","twitter_card":"summary_large_image","twitter_misc":{"Est. reading time":"1 minute"},"schema":{"@context":"https:\/\/schema.org","@graph":[{"@type":"WebPage","@id":"https:\/\/rud.is\/b\/playground\/","url":"https:\/\/rud.is\/b\/playground\/","name":"Playground - rud.is","isPartOf":{"@id":"https:\/\/rud.is\/b\/#website"},"datePublished":"2012-07-12T17:38:22+00:00","dateModified":"2018-03-08T13:18:08+00:00","breadcrumb":{"@id":"https:\/\/rud.is\/b\/playground\/#breadcrumb"},"inLanguage":"en-US","potentialAction":[{"@type":"ReadAction","target":["https:\/\/rud.is\/b\/playground\/"]}]},{"@type":"BreadcrumbList","@id":"https:\/\/rud.is\/b\/playground\/#breadcrumb","itemListElement":[{"@type":"ListItem","position":1,"name":"Home","item":"https:\/\/rud.is\/b\/"},{"@type":"ListItem","position":2,"name":"Playground"}]},{"@type":"WebSite","@id":"https:\/\/rud.is\/b\/#website","url":"https:\/\/rud.is\/b\/","name":"rud.is","description":"&quot;In God we trust. All others must bring data&quot;","publisher":{"@id":"https:\/\/rud.is\/b\/#\/schema\/person\/d7cb7487ab0527447f7fda5c423ff886"},"potentialAction":[{"@type":"SearchAction","target":{"@type":"EntryPoint","urlTemplate":"https:\/\/rud.is\/b\/?s={search_term_string}"},"query-input":{"@type":"PropertyValueSpecification","valueRequired":true,"valueName":"search_term_string"}}],"inLanguage":"en-US"},{"@type":["Person","Organization"],"@id":"https:\/\/rud.is\/b\/#\/schema\/person\/d7cb7487ab0527447f7fda5c423ff886","name":"hrbrmstr","image":{"@type":"ImageObject","inLanguage":"en-US","@id":"https:\/\/i0.wp.com\/rud.is\/b\/wp-content\/uploads\/2023\/10\/ukr-shield.png?fit=460%2C460&ssl=1","url":"https:\/\/i0.wp.com\/rud.is\/b\/wp-content\/uploads\/2023\/10\/ukr-shield.png?fit=460%2C460&ssl=1","contentUrl":"https:\/\/i0.wp.com\/rud.is\/b\/wp-content\/uploads\/2023\/10\/ukr-shield.png?fit=460%2C460&ssl=1","width":460,"height":460,"caption":"hrbrmstr"},"logo":{"@id":"https:\/\/i0.wp.com\/rud.is\/b\/wp-content\/uploads\/2023\/10\/ukr-shield.png?fit=460%2C460&ssl=1"},"description":"Don't look at me\u2026I do what he does \u2014 just slower. #rstats avuncular \u2022 ?Resistance Fighter \u2022 Cook \u2022 Christian \u2022 [Master] Chef des Donn\u00e9es de S\u00e9curit\u00e9 @ @rapid7","sameAs":["http:\/\/rud.is"]}]}},"jetpack_shortlink":"https:\/\/wp.me\/P23idr-og","jetpack_likes_enabled":true,"jetpack-related-posts":[{"id":11883,"url":"https:\/\/rud.is\/b\/r-cyber\/","url_meta":{"origin":1504,"position":0},"title":"r-cyber","author":"hrbrmstr","date":"2019-02-04","format":false,"excerpt":"A soon-to-be organized list of R packages for use in cybersecurity research, DFIR, risk analysis, metadata collection, document\/data processing and more (not just by me, but the current list is made up of ones I've created or resurrected). If you want your packages to appear here, add the r-cyber topic\u2026","rel":"","context":"Similar post","block_context":{"text":"Similar post","link":""},"img":{"alt_text":"","src":"","width":0,"height":0},"classes":[]},{"id":2,"url":"https:\/\/rud.is\/b\/about\/","url_meta":{"origin":1504,"position":1},"title":"About Me","author":"hrbrmstr","date":"2011-02-02","format":false,"excerpt":"This is a place to catch some opines on a pretty weird combination of topics. You're likely to see posts ranging from IT\/Information Risk Management to iOS to Node.js to Arduino & XBee + everything in-between. Oh, and quite a bit of R, Python & \"data science-y\" things. I've been\u2026","rel":"","context":"With 11 comments","block_context":{"text":"With 11 comments","link":"https:\/\/rud.is\/b\/about\/#comments"},"img":{"alt_text":"","src":"","width":0,"height":0},"classes":[]},{"id":7746,"url":"https:\/\/rud.is\/b\/books\/","url_meta":{"origin":1504,"position":2},"title":"Books","author":"hrbrmstr","date":"2018-01-03","format":false,"excerpt":"Packet Maze: Solving a CyberDefenders PCAP Puzzle with R, Zeek, and tshark (in progress) SwiftR \u2014 Using R from Swift [GH] (in progress) Using Apache Drill with R [GH] 21 Recipes for Mining Twitter Data with rtweet [GH] 30 Day Map Challenge Collection Writing Frictionless R Package Wrappers Data-Driven Security","rel":"","context":"Similar post","block_context":{"text":"Similar post","link":""},"img":{"alt_text":"","src":"","width":0,"height":0},"classes":[]},{"id":449,"url":"https:\/\/rud.is\/b\/privacy-policy\/","url_meta":{"origin":1504,"position":3},"title":"Privacy Policy","author":"hrbrmstr","date":"2011-03-27","format":false,"excerpt":"A recent Twitter conversation between @beaker & @alexhutton inspired including this policy created by @tynan_on_tech. \"We value your privacy a great deal. Almost as much as we value the ability to take the data you give us and slice, dice, julienne, mash, puree and serve it to our business partners,\u2026","rel":"","context":"Similar post","block_context":{"text":"Similar post","link":""},"img":{"alt_text":"","src":"","width":0,"height":0},"classes":[]}],"jetpack_sharing_enabled":true,"_links":{"self":[{"href":"https:\/\/rud.is\/b\/wp-json\/wp\/v2\/pages\/1504","targetHints":{"allow":["GET"]}}],"collection":[{"href":"https:\/\/rud.is\/b\/wp-json\/wp\/v2\/pages"}],"about":[{"href":"https:\/\/rud.is\/b\/wp-json\/wp\/v2\/types\/page"}],"author":[{"embeddable":true,"href":"https:\/\/rud.is\/b\/wp-json\/wp\/v2\/users\/1"}],"replies":[{"embeddable":true,"href":"https:\/\/rud.is\/b\/wp-json\/wp\/v2\/comments?post=1504"}],"version-history":[{"count":0,"href":"https:\/\/rud.is\/b\/wp-json\/wp\/v2\/pages\/1504\/revisions"}],"wp:attachment":[{"href":"https:\/\/rud.is\/b\/wp-json\/wp\/v2\/media?parent=1504"}],"curies":[{"name":"wp","href":"https:\/\/api.w.org\/{rel}","templated":true}]}}