

{"id":14414,"date":"2023-09-14T10:58:30","date_gmt":"2023-09-14T15:58:30","guid":{"rendered":"https:\/\/rud.is\/b\/friends\/"},"modified":"2023-09-14T10:58:30","modified_gmt":"2023-09-14T15:58:30","slug":"friends","status":"publish","type":"page","link":"https:\/\/rud.is\/b\/friends\/","title":{"rendered":"Friends"},"content":{"rendered":"\n\n\n<p class=\"not-friends\">I have connected with my friends using <strong>WordPress<\/strong> and the <strong>Friends plugin<\/strong>. This means I can share private posts with just my friends while keeping my data under control.\nIf you also have a WordPress site with the friends plugin, you can send me a friend request. If not, get your own <a href=\"https:\/\/wordpress.org\/\">WordPress<\/a> now, install the <a href=\"https:\/\/wordpress.org\/plugins\/friends\/\">Friends plugin<\/a>, and follow me!\n<\/p>\n\n\n<div class=\"wp-block-friends-follow-me not-friends\"><form method=\"post\">\n<p>Enter your blog URL to join my network. <a href=\"https:\/\/wpfriends.at\/follow-me\">Learn more<\/a><\/p>\n<div><input type=\"text\" name=\"friends_friend_request_url\" placeholder=\"https:\/\/example.com\/\"\/> <button>Follow this site<\/button><\/div><\/form><\/div>\n<\/p>\n\n","protected":false},"excerpt":{"rendered":"<p>I have connected with my friends using WordPress and the Friends plugin. This means I can share private posts with just my friends while keeping my data under control. If you also have a WordPress site with the friends plugin, you can send me a friend request. If not, get your own WordPress now, install [&hellip;]<\/p>\n","protected":false},"author":1,"featured_media":0,"parent":0,"menu_order":0,"comment_status":"closed","ping_status":"closed","template":"","meta":{"jetpack_post_was_ever_published":false,"activitypub_content_warning":"","activitypub_content_visibility":"","activitypub_max_image_attachments":3,"activitypub_interaction_policy_quote":"anyone","activitypub_status":"","footnotes":""},"class_list":["post-14414","page","type-page","status-publish","hentry"],"yoast_head":"<!-- This site is optimized with the Yoast SEO plugin v27.3 - https:\/\/yoast.com\/product\/yoast-seo-wordpress\/ -->\n<title>Friends - rud.is<\/title>\n<meta name=\"robots\" content=\"index, follow, max-snippet:-1, max-image-preview:large, max-video-preview:-1\" \/>\n<link rel=\"canonical\" href=\"https:\/\/rud.is\/b\/friends\/\" \/>\n<meta property=\"og:locale\" content=\"en_US\" \/>\n<meta property=\"og:type\" content=\"article\" \/>\n<meta property=\"og:title\" content=\"Friends - rud.is\" \/>\n<meta property=\"og:description\" content=\"I have connected with my friends using WordPress and the Friends plugin. This means I can share private posts with just my friends while keeping my data under control. If you also have a WordPress site with the friends plugin, you can send me a friend request. If not, get your own WordPress now, install [&hellip;]\" \/>\n<meta property=\"og:url\" content=\"https:\/\/rud.is\/b\/friends\/\" \/>\n<meta property=\"og:site_name\" content=\"rud.is\" \/>\n<meta name=\"twitter:card\" content=\"summary_large_image\" \/>\n<script type=\"application\/ld+json\" class=\"yoast-schema-graph\">{\"@context\":\"https:\\\/\\\/schema.org\",\"@graph\":[{\"@type\":\"WebPage\",\"@id\":\"https:\\\/\\\/rud.is\\\/b\\\/friends\\\/\",\"url\":\"https:\\\/\\\/rud.is\\\/b\\\/friends\\\/\",\"name\":\"Friends - rud.is\",\"isPartOf\":{\"@id\":\"https:\\\/\\\/rud.is\\\/b\\\/#website\"},\"datePublished\":\"2023-09-14T15:58:30+00:00\",\"breadcrumb\":{\"@id\":\"https:\\\/\\\/rud.is\\\/b\\\/friends\\\/#breadcrumb\"},\"inLanguage\":\"en-US\",\"potentialAction\":[{\"@type\":\"ReadAction\",\"target\":[\"https:\\\/\\\/rud.is\\\/b\\\/friends\\\/\"]}]},{\"@type\":\"BreadcrumbList\",\"@id\":\"https:\\\/\\\/rud.is\\\/b\\\/friends\\\/#breadcrumb\",\"itemListElement\":[{\"@type\":\"ListItem\",\"position\":1,\"name\":\"Home\",\"item\":\"https:\\\/\\\/rud.is\\\/b\\\/\"},{\"@type\":\"ListItem\",\"position\":2,\"name\":\"Friends\"}]},{\"@type\":\"WebSite\",\"@id\":\"https:\\\/\\\/rud.is\\\/b\\\/#website\",\"url\":\"https:\\\/\\\/rud.is\\\/b\\\/\",\"name\":\"rud.is\",\"description\":\"&quot;In God we trust. All others must bring data&quot;\",\"publisher\":{\"@id\":\"https:\\\/\\\/rud.is\\\/b\\\/#\\\/schema\\\/person\\\/d7cb7487ab0527447f7fda5c423ff886\"},\"potentialAction\":[{\"@type\":\"SearchAction\",\"target\":{\"@type\":\"EntryPoint\",\"urlTemplate\":\"https:\\\/\\\/rud.is\\\/b\\\/?s={search_term_string}\"},\"query-input\":{\"@type\":\"PropertyValueSpecification\",\"valueRequired\":true,\"valueName\":\"search_term_string\"}}],\"inLanguage\":\"en-US\"},{\"@type\":[\"Person\",\"Organization\"],\"@id\":\"https:\\\/\\\/rud.is\\\/b\\\/#\\\/schema\\\/person\\\/d7cb7487ab0527447f7fda5c423ff886\",\"name\":\"hrbrmstr\",\"image\":{\"@type\":\"ImageObject\",\"inLanguage\":\"en-US\",\"@id\":\"https:\\\/\\\/i0.wp.com\\\/rud.is\\\/b\\\/wp-content\\\/uploads\\\/2023\\\/10\\\/ukr-shield.png?fit=460%2C460&ssl=1\",\"url\":\"https:\\\/\\\/i0.wp.com\\\/rud.is\\\/b\\\/wp-content\\\/uploads\\\/2023\\\/10\\\/ukr-shield.png?fit=460%2C460&ssl=1\",\"contentUrl\":\"https:\\\/\\\/i0.wp.com\\\/rud.is\\\/b\\\/wp-content\\\/uploads\\\/2023\\\/10\\\/ukr-shield.png?fit=460%2C460&ssl=1\",\"width\":460,\"height\":460,\"caption\":\"hrbrmstr\"},\"logo\":{\"@id\":\"https:\\\/\\\/i0.wp.com\\\/rud.is\\\/b\\\/wp-content\\\/uploads\\\/2023\\\/10\\\/ukr-shield.png?fit=460%2C460&ssl=1\"},\"description\":\"Don't look at me\u2026I do what he does \u2014 just slower. #rstats avuncular \u2022 ?Resistance Fighter \u2022 Cook \u2022 Christian \u2022 [Master] Chef des Donn\u00e9es de S\u00e9curit\u00e9 @ @rapid7\",\"sameAs\":[\"http:\\\/\\\/rud.is\"]}]}<\/script>\n<!-- \/ Yoast SEO plugin. -->","yoast_head_json":{"title":"Friends - rud.is","robots":{"index":"index","follow":"follow","max-snippet":"max-snippet:-1","max-image-preview":"max-image-preview:large","max-video-preview":"max-video-preview:-1"},"canonical":"https:\/\/rud.is\/b\/friends\/","og_locale":"en_US","og_type":"article","og_title":"Friends - rud.is","og_description":"I have connected with my friends using WordPress and the Friends plugin. This means I can share private posts with just my friends while keeping my data under control. If you also have a WordPress site with the friends plugin, you can send me a friend request. If not, get your own WordPress now, install [&hellip;]","og_url":"https:\/\/rud.is\/b\/friends\/","og_site_name":"rud.is","twitter_card":"summary_large_image","schema":{"@context":"https:\/\/schema.org","@graph":[{"@type":"WebPage","@id":"https:\/\/rud.is\/b\/friends\/","url":"https:\/\/rud.is\/b\/friends\/","name":"Friends - rud.is","isPartOf":{"@id":"https:\/\/rud.is\/b\/#website"},"datePublished":"2023-09-14T15:58:30+00:00","breadcrumb":{"@id":"https:\/\/rud.is\/b\/friends\/#breadcrumb"},"inLanguage":"en-US","potentialAction":[{"@type":"ReadAction","target":["https:\/\/rud.is\/b\/friends\/"]}]},{"@type":"BreadcrumbList","@id":"https:\/\/rud.is\/b\/friends\/#breadcrumb","itemListElement":[{"@type":"ListItem","position":1,"name":"Home","item":"https:\/\/rud.is\/b\/"},{"@type":"ListItem","position":2,"name":"Friends"}]},{"@type":"WebSite","@id":"https:\/\/rud.is\/b\/#website","url":"https:\/\/rud.is\/b\/","name":"rud.is","description":"&quot;In God we trust. All others must bring data&quot;","publisher":{"@id":"https:\/\/rud.is\/b\/#\/schema\/person\/d7cb7487ab0527447f7fda5c423ff886"},"potentialAction":[{"@type":"SearchAction","target":{"@type":"EntryPoint","urlTemplate":"https:\/\/rud.is\/b\/?s={search_term_string}"},"query-input":{"@type":"PropertyValueSpecification","valueRequired":true,"valueName":"search_term_string"}}],"inLanguage":"en-US"},{"@type":["Person","Organization"],"@id":"https:\/\/rud.is\/b\/#\/schema\/person\/d7cb7487ab0527447f7fda5c423ff886","name":"hrbrmstr","image":{"@type":"ImageObject","inLanguage":"en-US","@id":"https:\/\/i0.wp.com\/rud.is\/b\/wp-content\/uploads\/2023\/10\/ukr-shield.png?fit=460%2C460&ssl=1","url":"https:\/\/i0.wp.com\/rud.is\/b\/wp-content\/uploads\/2023\/10\/ukr-shield.png?fit=460%2C460&ssl=1","contentUrl":"https:\/\/i0.wp.com\/rud.is\/b\/wp-content\/uploads\/2023\/10\/ukr-shield.png?fit=460%2C460&ssl=1","width":460,"height":460,"caption":"hrbrmstr"},"logo":{"@id":"https:\/\/i0.wp.com\/rud.is\/b\/wp-content\/uploads\/2023\/10\/ukr-shield.png?fit=460%2C460&ssl=1"},"description":"Don't look at me\u2026I do what he does \u2014 just slower. #rstats avuncular \u2022 ?Resistance Fighter \u2022 Cook \u2022 Christian \u2022 [Master] Chef des Donn\u00e9es de S\u00e9curit\u00e9 @ @rapid7","sameAs":["http:\/\/rud.is"]}]}},"jetpack_shortlink":"https:\/\/wp.me\/P23idr-3Ku","jetpack_likes_enabled":true,"jetpack-related-posts":[{"id":449,"url":"https:\/\/rud.is\/b\/privacy-policy\/","url_meta":{"origin":14414,"position":0},"title":"Privacy Policy","author":"hrbrmstr","date":"2011-03-27","format":false,"excerpt":"A recent Twitter conversation between @beaker & @alexhutton inspired including this policy created by @tynan_on_tech. \"We value your privacy a great deal. Almost as much as we value the ability to take the data you give us and slice, dice, julienne, mash, puree and serve it to our business partners,\u2026","rel":"","context":"Similar post","block_context":{"text":"Similar post","link":""},"img":{"alt_text":"","src":"","width":0,"height":0},"classes":[]}],"jetpack_sharing_enabled":true,"_links":{"self":[{"href":"https:\/\/rud.is\/b\/wp-json\/wp\/v2\/pages\/14414","targetHints":{"allow":["GET"]}}],"collection":[{"href":"https:\/\/rud.is\/b\/wp-json\/wp\/v2\/pages"}],"about":[{"href":"https:\/\/rud.is\/b\/wp-json\/wp\/v2\/types\/page"}],"author":[{"embeddable":true,"href":"https:\/\/rud.is\/b\/wp-json\/wp\/v2\/users\/1"}],"replies":[{"embeddable":true,"href":"https:\/\/rud.is\/b\/wp-json\/wp\/v2\/comments?post=14414"}],"version-history":[{"count":0,"href":"https:\/\/rud.is\/b\/wp-json\/wp\/v2\/pages\/14414\/revisions"}],"wp:attachment":[{"href":"https:\/\/rud.is\/b\/wp-json\/wp\/v2\/media?parent=14414"}],"curies":[{"name":"wp","href":"https:\/\/api.w.org\/{rel}","templated":true}]}}